{"id":25,"date":"2014-06-13T16:46:12","date_gmt":"2014-06-13T16:46:12","guid":{"rendered":"http:\/\/dustweb.hr\/?page_id=25"},"modified":"2014-06-14T19:44:41","modified_gmt":"2014-06-14T19:44:41","slug":"25-2","status":"publish","type":"page","link":"http:\/\/dustweb.hr\/","title":{"rendered":"Po\u010detna"},"content":{"rendered":"<p>Dobro do\u0161li na na\u0161e stranice!<\/p>\n<p>Ovdje \u0107e te prona\u0107i sve informacije o uslugama \u010di\u0161\u0107enja koje obavljamo, ure\u0111ajima i sredstvima koje koristimo.<\/p>\n<p>Na raspolaganju su Vam i svi na\u0161i ostali podaci te informativni cjenik na\u0161ih usluga.<\/p>\n<p>Obratite nam se s povjerenjem!<\/p>\n","protected":false},"excerpt":{"rendered":"<p>Dobro do\u0161li na na\u0161e stranice! Ovdje \u0107e te prona\u0107i sve informacije o uslugama \u010di\u0161\u0107enja koje obavljamo, ure\u0111ajima i sredstvima koje koristimo. Na raspolaganju su Vam i svi na\u0161i ostali podaci te informativni cjenik na\u0161ih usluga. Obratite nam se s povjerenjem!<\/p>\n","protected":false},"author":1,"featured_media":0,"parent":0,"menu_order":0,"comment_status":"closed","ping_status":"open","template":"","meta":{"footnotes":""},"_links":{"self":[{"href":"http:\/\/dustweb.hr\/index.php?rest_route=\/wp\/v2\/pages\/25"}],"collection":[{"href":"http:\/\/dustweb.hr\/index.php?rest_route=\/wp\/v2\/pages"}],"about":[{"href":"http:\/\/dustweb.hr\/index.php?rest_route=\/wp\/v2\/types\/page"}],"author":[{"embeddable":true,"href":"http:\/\/dustweb.hr\/index.php?rest_route=\/wp\/v2\/users\/1"}],"replies":[{"embeddable":true,"href":"http:\/\/dustweb.hr\/index.php?rest_route=%2Fwp%2Fv2%2Fcomments&post=25"}],"version-history":[{"count":5,"href":"http:\/\/dustweb.hr\/index.php?rest_route=\/wp\/v2\/pages\/25\/revisions"}],"predecessor-version":[{"id":70,"href":"http:\/\/dustweb.hr\/index.php?rest_route=\/wp\/v2\/pages\/25\/revisions\/70"}],"wp:attachment":[{"href":"http:\/\/dustweb.hr\/index.php?rest_route=%2Fwp%2Fv2%2Fmedia&parent=25"}],"curies":[{"name":"wp","href":"https:\/\/api.w.org\/{rel}","templated":true}]}}